{"id":80,"date":"2024-04-29T08:57:26","date_gmt":"2024-04-29T08:57:26","guid":{"rendered":"https:\/\/masteringlisboa.com\/?page_id=80"},"modified":"2025-09-18T18:00:33","modified_gmt":"2025-09-18T18:00:33","slug":"cursos","status":"publish","type":"page","link":"https:\/\/masteringlisboa.com\/?page_id=80","title":{"rendered":"Cursos:"},"content":{"rendered":"<div class=\"brz-root__container brz-reset-all\"><\/div>\n<p>    <!-- version:1714473515 --><\/p>\n\n\n<div class=\"wp-block-group alignfull has-accent-background-color has-background has-global-padding is-layout-constrained wp-container-core-group-is-layout-669513ed wp-block-group-is-layout-constrained\" style=\"margin-top:0;margin-bottom:0;padding-top:var(--wp--preset--spacing--50);padding-right:var(--wp--preset--spacing--50);padding-bottom:var(--wp--preset--spacing--50);padding-left:var(--wp--preset--spacing--50)\">\n<div class=\"wp-block-columns alignwide is-layout-flex wp-container-core-columns-is-layout-1da03c2a wp-block-columns-is-layout-flex\">\n<div class=\"wp-block-column is-vertically-aligned-stretch is-layout-flow wp-block-column-is-layout-flow\" style=\"flex-basis:50%\">\n<div class=\"wp-block-group is-vertical is-content-justification-stretch is-layout-flex wp-container-core-group-is-layout-444d5ee8 wp-block-group-is-layout-flex\" style=\"min-height:100%\">\n<p class=\"has-heading-font-family has-x-large-font-size\" style=\"line-height:1.2\">Curso de produ\u00e7\u00e3o musical (presencial)<\/p>\n\n\n\n<p class=\"wp-container-content-0733e5d0\">Este curso \u00e9 perfeito para todos os que procuram uma forma\u00e7\u00e3o pr\u00e1tica na arte de capta\u00e7\u00e3o, produ\u00e7\u00e3o, mistura e masteriza\u00e7\u00e3o. \u00c9 um curso intensivo de 6 semanas pensado para todos os aspirantes a produtores e mesmo para os que j\u00e1 possuam alguma experi\u00eancia e querem aperfei\u00e7oar as suas capacidades.<\/p>\n\n\n\n<p>Presencial 499 euros  \/  On-line 299 Euros<\/p>\n\n\n\n<div class=\"wp-block-group has-global-padding is-content-justification-left is-layout-constrained wp-container-core-group-is-layout-9fe8ed88 wp-block-group-is-layout-constrained\">\n<div class=\"wp-block-buttons is-layout-flex wp-block-buttons-is-layout-flex\">\n<div class=\"wp-block-button\"><a class=\"wp-block-button__link wp-element-button\" href=\"https:\/\/forms.gle\/Qei6oqTZXGmR52A36\">Pr\u00e9-inscri\u00e7\u00e3o<\/a><\/div>\n<\/div>\n<\/div>\n<\/div>\n<\/div>\n\n\n\n<div class=\"wp-block-column is-vertically-aligned-center is-layout-flow wp-block-column-is-layout-flow\" style=\"flex-basis:50%\">\n<div class=\"wp-block-columns is-layout-flex wp-container-core-columns-is-layout-28f84493 wp-block-columns-is-layout-flex\">\n<div class=\"wp-block-column is-layout-flow wp-block-column-is-layout-flow\" style=\"flex-basis:100%\">\n<figure class=\"wp-block-image size-full is-style-rounded is-style-rounded--1\"><img loading=\"lazy\" decoding=\"async\" width=\"940\" height=\"788\" src=\"https:\/\/masteringlisboa.com\/wp-content\/uploads\/2025\/01\/curso-imagem-2025.png\" alt=\"\" class=\"wp-image-147\" srcset=\"https:\/\/masteringlisboa.com\/wp-content\/uploads\/2025\/01\/curso-imagem-2025.png 940w, https:\/\/masteringlisboa.com\/wp-content\/uploads\/2025\/01\/curso-imagem-2025-300x251.png 300w, https:\/\/masteringlisboa.com\/wp-content\/uploads\/2025\/01\/curso-imagem-2025-768x644.png 768w\" sizes=\"auto, (max-width: 940px) 100vw, 940px\" \/><\/figure>\n<\/div>\n<\/div>\n<\/div>\n<\/div>\n<\/div>\n\n\n\n<div class=\"wp-block-group alignfull has-base-background-color has-background has-global-padding is-layout-constrained wp-container-core-group-is-layout-d89aad35 wp-block-group-is-layout-constrained\" style=\"margin-top:0;margin-bottom:0;padding-top:var(--wp--preset--spacing--50);padding-right:var(--wp--preset--spacing--50);padding-bottom:var(--wp--preset--spacing--50);padding-left:var(--wp--preset--spacing--50)\">\n<div class=\"wp-block-columns alignwide is-layout-flex wp-container-core-columns-is-layout-549b0c86 wp-block-columns-is-layout-flex\">\n<div class=\"wp-block-column has-global-padding is-content-justification-left is-layout-constrained wp-container-core-column-is-layout-4f15e8fe wp-block-column-is-layout-constrained\" style=\"flex-basis:40%\">\n<ul class=\"wp-block-list is-style-checkmark-list\">\n<li>Os cursos da Mastering Lisboa t\u00eam &#8220;garantia&#8221;. entra em contactos connosco para saberes mais<\/li>\n<\/ul>\n<\/div>\n\n\n\n<div class=\"wp-block-column is-layout-flow wp-container-core-column-is-layout-119bc444 wp-block-column-is-layout-flow\" style=\"flex-basis:60%\">\n<p class=\"has-heading-font-family has-x-large-font-size\" style=\"line-height:1.2\">A Mastering Lisboa garante um aproveitamento de 100% dos conte\u00fados. Se o aluno sentir que n\u00e3o conseguiu o aproveitamento no curso, pode frequentar o curso seguinte sem qualquer custo. <\/p>\n<\/div>\n<\/div>\n<\/div>\n\n\n\n<div class=\"wp-block-group alignfull has-global-padding is-layout-constrained wp-container-core-group-is-layout-669513ed wp-block-group-is-layout-constrained\" style=\"margin-top:0;margin-bottom:0;padding-top:var(--wp--preset--spacing--50);padding-right:var(--wp--preset--spacing--50);padding-bottom:var(--wp--preset--spacing--50);padding-left:var(--wp--preset--spacing--50)\">\n<div class=\"wp-block-group is-vertical is-content-justification-center is-layout-flex wp-container-core-group-is-layout-ce155fab wp-block-group-is-layout-flex\">\n<h2 class=\"wp-block-heading has-text-align-center has-xx-large-font-size\">Corpo docente<\/h2>\n\n\n\n<p class=\"has-text-align-center\">A mastering Lisboa disp\u00f5e de uma equipa de engenheiros de \u00e1udio, produtores e m\u00fasicos profissionais com muita experi\u00eancia, que est\u00e3o \u00e0 disposi\u00e7\u00e3o dos nossos alunos.<\/p>\n<\/div>\n\n\n\n<div style=\"height:var(--wp--preset--spacing--30)\" aria-hidden=\"true\" class=\"wp-block-spacer\"><\/div>\n\n\n\n<div class=\"wp-block-columns alignwide is-layout-flex wp-container-core-columns-is-layout-4935966c wp-block-columns-is-layout-flex\" style=\"padding-right:0;padding-left:0\">\n<div class=\"wp-block-column is-layout-flow wp-block-column-is-layout-flow\">\n<figure class=\"wp-block-image size-full is-style-rounded is-style-rounded--2\"><img loading=\"lazy\" decoding=\"async\" width=\"1170\" height=\"1337\" src=\"https:\/\/masteringlisboa.com\/wp-content\/uploads\/2025\/02\/IMG_3102.jpg\" alt=\"\" class=\"wp-image-157\" style=\"aspect-ratio:1;object-fit:cover\" srcset=\"https:\/\/masteringlisboa.com\/wp-content\/uploads\/2025\/02\/IMG_3102.jpg 1170w, https:\/\/masteringlisboa.com\/wp-content\/uploads\/2025\/02\/IMG_3102-263x300.jpg 263w, https:\/\/masteringlisboa.com\/wp-content\/uploads\/2025\/02\/IMG_3102-896x1024.jpg 896w, https:\/\/masteringlisboa.com\/wp-content\/uploads\/2025\/02\/IMG_3102-768x878.jpg 768w\" sizes=\"auto, (max-width: 1170px) 100vw, 1170px\" \/><figcaption class=\"wp-element-caption\">Screenshot<\/figcaption><\/figure>\n\n\n\n<div class=\"wp-block-group is-vertical is-content-justification-center is-nowrap is-layout-flex wp-container-core-group-is-layout-21d4e958 wp-block-group-is-layout-flex\">\n<p class=\"has-text-align-center has-small-font-size\"><strong>Hugo Lino<\/strong><\/p>\n\n\n\n<p class=\"has-text-align-center has-small-font-size\">Engenheiro de \u00e1udio\/produ\u00e7\u00e3o<\/p>\n<\/div>\n<\/div>\n\n\n\n<div class=\"wp-block-column is-layout-flow wp-block-column-is-layout-flow\">\n<figure class=\"wp-block-image size-full is-style-rounded is-style-rounded--3\"><img loading=\"lazy\" decoding=\"async\" width=\"2560\" height=\"1438\" src=\"https:\/\/masteringlisboa.com\/wp-content\/uploads\/2024\/04\/DSC05747-scaled.jpg\" alt=\"\" class=\"wp-image-85\" style=\"aspect-ratio:1;object-fit:cover\" srcset=\"https:\/\/masteringlisboa.com\/wp-content\/uploads\/2024\/04\/DSC05747-scaled.jpg 2560w, https:\/\/masteringlisboa.com\/wp-content\/uploads\/2024\/04\/DSC05747-300x168.jpg 300w, https:\/\/masteringlisboa.com\/wp-content\/uploads\/2024\/04\/DSC05747-1024x575.jpg 1024w, https:\/\/masteringlisboa.com\/wp-content\/uploads\/2024\/04\/DSC05747-768x431.jpg 768w, https:\/\/masteringlisboa.com\/wp-content\/uploads\/2024\/04\/DSC05747-1536x863.jpg 1536w, https:\/\/masteringlisboa.com\/wp-content\/uploads\/2024\/04\/DSC05747-2048x1150.jpg 2048w\" sizes=\"auto, (max-width: 2560px) 100vw, 2560px\" \/><\/figure>\n\n\n\n<div class=\"wp-block-group is-vertical is-content-justification-center is-nowrap is-layout-flex wp-container-core-group-is-layout-63bfd6c1 wp-block-group-is-layout-flex\">\n<p class=\"has-text-align-center has-small-font-size\"><strong>Goran Toprek<\/strong><\/p>\n\n\n\n<p class=\"has-text-align-center has-small-font-size\">Engenheiro de masteriza\u00e7\u00e3o<\/p>\n<\/div>\n<\/div>\n\n\n\n<div class=\"wp-block-column is-layout-flow wp-block-column-is-layout-flow\">\n<figure class=\"wp-block-image size-full is-style-rounded is-style-rounded--4\"><img loading=\"lazy\" decoding=\"async\" width=\"400\" height=\"400\" src=\"https:\/\/masteringlisboa.com\/wp-content\/uploads\/2024\/04\/243428059_4620741464625229_6489461546205704526_n_large-1920w_waifu2x_noise0_scale2x.png.webp\" alt=\"\" class=\"wp-image-88\" style=\"aspect-ratio:1;object-fit:cover\" srcset=\"https:\/\/masteringlisboa.com\/wp-content\/uploads\/2024\/04\/243428059_4620741464625229_6489461546205704526_n_large-1920w_waifu2x_noise0_scale2x.png.webp 400w, https:\/\/masteringlisboa.com\/wp-content\/uploads\/2024\/04\/243428059_4620741464625229_6489461546205704526_n_large-1920w_waifu2x_noise0_scale2x.png-300x300.webp 300w, https:\/\/masteringlisboa.com\/wp-content\/uploads\/2024\/04\/243428059_4620741464625229_6489461546205704526_n_large-1920w_waifu2x_noise0_scale2x.png-150x150.webp 150w\" sizes=\"auto, (max-width: 400px) 100vw, 400px\" \/><\/figure>\n\n\n\n<div class=\"wp-block-group is-vertical is-content-justification-center is-nowrap is-layout-flex wp-container-core-group-is-layout-63bfd6c1 wp-block-group-is-layout-flex\">\n<p class=\"has-text-align-center has-small-font-size\"><strong>Jos\u00e9 Soares<\/strong><\/p>\n\n\n\n<p class=\"has-text-align-center has-small-font-size\">Musico<\/p>\n<\/div>\n<\/div>\n\n\n\n<div class=\"wp-block-column is-layout-flow wp-block-column-is-layout-flow\">\n<figure class=\"wp-block-image size-full is-style-rounded is-style-rounded--5\"><img loading=\"lazy\" decoding=\"async\" width=\"1460\" height=\"1462\" src=\"https:\/\/masteringlisboa.com\/wp-content\/uploads\/2024\/04\/Screenshot-2024-04-25-at-12.32.35.png\" alt=\"\" class=\"wp-image-86\" style=\"aspect-ratio:1;object-fit:cover\" srcset=\"https:\/\/masteringlisboa.com\/wp-content\/uploads\/2024\/04\/Screenshot-2024-04-25-at-12.32.35.png 1460w, https:\/\/masteringlisboa.com\/wp-content\/uploads\/2024\/04\/Screenshot-2024-04-25-at-12.32.35-300x300.png 300w, https:\/\/masteringlisboa.com\/wp-content\/uploads\/2024\/04\/Screenshot-2024-04-25-at-12.32.35-1024x1024.png 1024w, https:\/\/masteringlisboa.com\/wp-content\/uploads\/2024\/04\/Screenshot-2024-04-25-at-12.32.35-150x150.png 150w, https:\/\/masteringlisboa.com\/wp-content\/uploads\/2024\/04\/Screenshot-2024-04-25-at-12.32.35-768x769.png 768w\" sizes=\"auto, (max-width: 1460px) 100vw, 1460px\" \/><\/figure>\n\n\n\n<div class=\"wp-block-group is-vertical is-content-justification-center is-nowrap is-layout-flex wp-container-core-group-is-layout-21d4e958 wp-block-group-is-layout-flex\">\n<p class=\"has-text-align-center has-small-font-size\"><strong>Pedro Serraninho<\/strong><\/p>\n\n\n\n<p class=\"has-text-align-center has-small-font-size\">Engenheiro de \u00e1udio<\/p>\n<\/div>\n<\/div>\n<\/div>\n<\/div>\n\n\n\n<div class=\"wp-block-group alignfull has-global-padding is-layout-constrained wp-container-core-group-is-layout-d89aad35 wp-block-group-is-layout-constrained\" style=\"margin-top:0;margin-bottom:0;padding-top:var(--wp--preset--spacing--50);padding-right:var(--wp--preset--spacing--50);padding-bottom:var(--wp--preset--spacing--50);padding-left:var(--wp--preset--spacing--50)\"><\/div>\n\n\n\n<div class=\"wp-block-group alignfull has-base-color has-contrast-background-color has-text-color has-background has-link-color wp-elements-65e996784767b249b7f78bbcde09c7ad has-global-padding is-layout-constrained wp-container-core-group-is-layout-d89aad35 wp-block-group-is-layout-constrained\" style=\"margin-top:0;margin-bottom:0;padding-top:var(--wp--preset--spacing--50);padding-right:var(--wp--preset--spacing--50);padding-bottom:var(--wp--preset--spacing--50);padding-left:var(--wp--preset--spacing--50)\">\n<h2 class=\"wp-block-heading alignwide has-base-color has-text-color has-link-color wp-elements-c9b5699bdecff18878afa112249018b5\" style=\"font-size:clamp(4.509rem, 4.509rem + ((1vw - 0.2rem) * 9.152), 10rem);letter-spacing:-0.02em\">FAQs<\/h2>\n\n\n\n<div class=\"wp-block-group alignwide is-layout-flow wp-block-group-is-layout-flow\">\n<hr class=\"wp-block-separator has-text-color has-base-color has-alpha-channel-opacity has-base-background-color has-background is-style-wide\"\/>\n\n\n\n<details class=\"wp-block-details is-style-arrow-icon-details has-medium-font-size is-layout-flow wp-block-details-is-layout-flow\" style=\"border-top-style:none;border-top-width:0px;border-right-style:none;border-right-width:0px;border-bottom-color:var(--wp--preset--color--base);border-bottom-style:solid;border-bottom-width:1px;border-left-style:none;border-left-width:0px;margin-top:0\"><summary>Quanto tempo dura o curso e quantas aulas por semana?<\/summary>\n<p class=\"has-contrast-1-color has-text-color has-link-color wp-elements-45e402dcf77cc2f395716df5a194fa4c\">Ambos os cursos duram 6 semanas, onde existem 2 aulas semanais com a dura\u00e7\u00e3o de 1:30h. O curso normalmente \u00e9 p\u00f3s-laboral e pode ser adaptado em hor\u00e1rio a definir pelas turmas.<\/p>\n<\/details>\n\n\n\n<details class=\"wp-block-details is-style-arrow-icon-details has-medium-font-size is-layout-flow wp-block-details-is-layout-flow\" style=\"border-top-style:none;border-top-width:0px;border-right-style:none;border-right-width:0px;border-bottom-color:var(--wp--preset--color--base);border-bottom-style:solid;border-bottom-width:1px;border-left-style:none;border-left-width:0px;margin-top:0\"><summary>\u00c9 possivel aprender em 6 semanas?<\/summary>\n<p class=\"has-contrast-1-color has-text-color has-link-color wp-elements-eddad39d17a6e51db88c164bed2f67f6\">O curso foi desenhado para ser um curso intensivo, onde vais conseguir absorver todos os conte\u00fados base para que, no futuro, conseguires chegar ao n\u00edvel que tens na tua expectativa. \u00c9 normal que 6 semanas seja pouco tempo, mas damos a garantia que ficar\u00e1s com todas as bases mais importantes.<\/p>\n<\/details>\n\n\n\n<details class=\"wp-block-details is-style-arrow-icon-details has-medium-font-size is-layout-flow wp-block-details-is-layout-flow\" style=\"border-top-style:none;border-top-width:0px;border-right-style:none;border-right-width:0px;border-bottom-color:var(--wp--preset--color--base);border-bottom-style:solid;border-bottom-width:1px;border-left-style:none;border-left-width:0px;margin-top:0\"><summary>Se eu for de longe, posso fazer o curso online?<\/summary>\n<p class=\"has-contrast-1-color has-text-color has-link-color wp-elements-d843893fc00f4442abec8b6b697a45f8\">Sim! O curso tem o formato presencial, mas tamb\u00e9m online. O nosso est\u00fadio tem a capacidade de realizar ambos os formatos em simult\u00e2neo. Os alunos que fazem online est\u00e3o a ter a aula ao mesmo tempo que os que est\u00e3o presencial.<\/p>\n<\/details>\n\n\n\n<details class=\"wp-block-details is-style-arrow-icon-details has-medium-font-size is-layout-flow wp-block-details-is-layout-flow\" style=\"border-top-style:none;border-top-width:0px;border-right-style:none;border-right-width:0px;border-bottom-color:var(--wp--preset--color--base);border-bottom-style:solid;border-bottom-width:1px;border-left-style:none;border-left-width:0px;margin-top:0\"><summary>Vou receber um diploma no final do curso?<\/summary>\n<p class=\"has-contrast-1-color has-text-color has-link-color wp-elements-1a66ffde51d8cffb1e86b94753e72ef0\">Sim. O curso tem 2 avalia\u00e7\u00f5es principais. Uma a meio do curso (exame com respostas m\u00faltiplas) e outra no final do curso ( exame e projeto final). O diploma ser\u00e1 entregue aos alunos que finalizarem o curso com aproveitamento.<\/p>\n<\/details>\n\n\n\n<details class=\"wp-block-details is-style-arrow-icon-details has-medium-font-size is-layout-flow wp-block-details-is-layout-flow\" style=\"border-top-style:none;border-top-width:0px;border-right-style:none;border-right-width:0px;border-bottom-color:var(--wp--preset--color--base);border-bottom-style:solid;border-bottom-width:1px;border-left-style:none;border-left-width:0px;margin-top:0\"><summary>E se por algum motivo eu n\u00e3o conseguir terminar o curso, ou n\u00e3o conseguir ter aproveitamento?<\/summary>\n<p class=\"has-contrast-1-color has-text-color has-link-color wp-elements-7848ff205dfea5bd81a061a6aadd5000\">N\u00e3o h\u00e1 problema. N\u00f3s damos a oportunidade a todos os alunos, que n\u00e3o tiveram aproveitamento ou n\u00e3o conseguiram terminar o curso, de entrar no pr\u00f3ximo curso sem terem qualquer custo.  <\/p>\n<\/details>\n\n\n\n<details class=\"wp-block-details is-style-arrow-icon-details has-medium-font-size is-layout-flow wp-block-details-is-layout-flow\" style=\"border-top-style:none;border-top-width:0px;border-right-style:none;border-right-width:0px;border-bottom-color:var(--wp--preset--color--base);border-bottom-style:solid;border-bottom-width:1px;border-left-style:none;border-left-width:0px;margin-top:0\"><summary>Se fizer o pagamento e depois n\u00e3o poder ingressar, devolvem-me o dinheiro?<\/summary>\n<p class=\"has-contrast-1-color has-text-color has-link-color wp-elements-8037ab2ef684368c7570f05d4912e460\">N\u00e3o existe possibilidade de devolu\u00e7\u00e3o. Mas o aluno pode ingressar noutro curso, numa data futura quando voltar a ter disponibilidade. <\/p>\n<\/details>\n\n\n\n<div style=\"margin-top:var(--wp--preset--spacing--10);margin-bottom:0;height:var(--wp--preset--spacing--10)\" aria-hidden=\"true\" class=\"wp-block-spacer\"><\/div>\n<\/div>\n<\/div>\n\n\n\n<div class=\"wp-block-group alignfull has-global-padding is-layout-constrained wp-container-core-group-is-layout-d89aad35 wp-block-group-is-layout-constrained\" style=\"margin-top:0;margin-bottom:0;padding-top:var(--wp--preset--spacing--50);padding-right:var(--wp--preset--spacing--50);padding-bottom:var(--wp--preset--spacing--50);padding-left:var(--wp--preset--spacing--50)\"><\/div>\n","protected":false},"excerpt":{"rendered":"<p>Curso de produ\u00e7\u00e3o musical (presencial) Este curso \u00e9 perfeito para todos os que procuram uma forma\u00e7\u00e3o pr\u00e1tica na arte de capta\u00e7\u00e3o, produ\u00e7\u00e3o, mistura e masteriza\u00e7\u00e3o. \u00c9 um curso intensivo de 6 semanas pensado para todos os aspirantes a produtores e mesmo para os que j\u00e1 possuam alguma experi\u00eancia e querem aperfei\u00e7oar as suas capacidades. Presencial [&hellip;]<\/p>\n","protected":false},"author":1,"featured_media":0,"parent":0,"menu_order":0,"comment_status":"closed","ping_status":"closed","template":"brizy-blank-template.php","meta":{"footnotes":""},"class_list":["post-80","page","type-page","status-publish","hentry"],"_links":{"self":[{"href":"https:\/\/masteringlisboa.com\/index.php?rest_route=\/wp\/v2\/pages\/80","targetHints":{"allow":["GET"]}}],"collection":[{"href":"https:\/\/masteringlisboa.com\/index.php?rest_route=\/wp\/v2\/pages"}],"about":[{"href":"https:\/\/masteringlisboa.com\/index.php?rest_route=\/wp\/v2\/types\/page"}],"author":[{"embeddable":true,"href":"https:\/\/masteringlisboa.com\/index.php?rest_route=\/wp\/v2\/users\/1"}],"replies":[{"embeddable":true,"href":"https:\/\/masteringlisboa.com\/index.php?rest_route=%2Fwp%2Fv2%2Fcomments&post=80"}],"version-history":[{"count":5,"href":"https:\/\/masteringlisboa.com\/index.php?rest_route=\/wp\/v2\/pages\/80\/revisions"}],"predecessor-version":[{"id":181,"href":"https:\/\/masteringlisboa.com\/index.php?rest_route=\/wp\/v2\/pages\/80\/revisions\/181"}],"wp:attachment":[{"href":"https:\/\/masteringlisboa.com\/index.php?rest_route=%2Fwp%2Fv2%2Fmedia&parent=80"}],"curies":[{"name":"wp","href":"https:\/\/api.w.org\/{rel}","templated":true}]}}